{"id":55,"date":"2023-04-25T19:38:12","date_gmt":"2023-04-25T17:38:12","guid":{"rendered":"https:\/\/tkp-ima.szrf.hu\/?page_id=55"},"modified":"2023-04-25T20:38:16","modified_gmt":"2023-04-25T18:38:16","slug":"tagok-va","status":"publish","type":"page","link":"https:\/\/tkp-ima.szrf.hu\/index.php\/tagok-va\/","title":{"rendered":"Tagok &#8211; VA"},"content":{"rendered":"\n<div class=\"is-layout-flex wp-container-3 wp-block-columns\">\n<div class=\"is-layout-flow wp-block-column\" style=\"flex-basis:33.33%\">\n<figure class=\"wp-block-image size-full is-resized\"><img decoding=\"async\" loading=\"lazy\" src=\"https:\/\/tkp-ima.szrf.hu\/wp-content\/uploads\/2023\/04\/pic_Vas_Timea.jpg\" alt=\"\" class=\"wp-image-56\" width=\"240\" height=\"240\" srcset=\"https:\/\/tkp-ima.szrf.hu\/wp-content\/uploads\/2023\/04\/pic_Vas_Timea.jpg 960w, https:\/\/tkp-ima.szrf.hu\/wp-content\/uploads\/2023\/04\/pic_Vas_Timea-300x300.jpg 300w, https:\/\/tkp-ima.szrf.hu\/wp-content\/uploads\/2023\/04\/pic_Vas_Timea-150x150.jpg 150w, https:\/\/tkp-ima.szrf.hu\/wp-content\/uploads\/2023\/04\/pic_Vas_Timea-768x768.jpg 768w\" sizes=\"(max-width: 240px) 100vw, 240px\" \/><\/figure>\n<\/div>\n\n\n\n<div class=\"is-layout-flow wp-block-column\" style=\"flex-basis:66.66%\">\n<p>Dr. Vas T\u00edmea alezredes, egyetemi docens, Rep\u00fcl\u0151haj\u00f3z\u00f3 \u00e9s Rep\u00fcl\u00e9sir\u00e1ny\u00edt\u00f3 Tansz\u00e9k<\/p>\n<\/div>\n<\/div>\n","protected":false},"excerpt":{"rendered":"<p>Dr. Vas T\u00edmea alezredes, egyetemi docens, Rep\u00fcl\u0151haj\u00f3z\u00f3 \u00e9s Rep\u00fcl\u00e9sir\u00e1ny\u00edt\u00f3 Tansz\u00e9k<\/p>\n","protected":false},"author":1,"featured_media":0,"parent":0,"menu_order":5,"comment_status":"closed","ping_status":"closed","template":"","meta":[],"_links":{"self":[{"href":"https:\/\/tkp-ima.szrf.hu\/index.php\/wp-json\/wp\/v2\/pages\/55"}],"collection":[{"href":"https:\/\/tkp-ima.szrf.hu\/index.php\/wp-json\/wp\/v2\/pages"}],"about":[{"href":"https:\/\/tkp-ima.szrf.hu\/index.php\/wp-json\/wp\/v2\/types\/page"}],"author":[{"embeddable":true,"href":"https:\/\/tkp-ima.szrf.hu\/index.php\/wp-json\/wp\/v2\/users\/1"}],"replies":[{"embeddable":true,"href":"https:\/\/tkp-ima.szrf.hu\/index.php\/wp-json\/wp\/v2\/comments?post=55"}],"version-history":[{"count":2,"href":"https:\/\/tkp-ima.szrf.hu\/index.php\/wp-json\/wp\/v2\/pages\/55\/revisions"}],"predecessor-version":[{"id":82,"href":"https:\/\/tkp-ima.szrf.hu\/index.php\/wp-json\/wp\/v2\/pages\/55\/revisions\/82"}],"wp:attachment":[{"href":"https:\/\/tkp-ima.szrf.hu\/index.php\/wp-json\/wp\/v2\/media?parent=55"}],"curies":[{"name":"wp","href":"https:\/\/api.w.org\/{rel}","templated":true}]}}