{"id":49,"date":"2023-04-25T19:33:50","date_gmt":"2023-04-25T17:33:50","guid":{"rendered":"https:\/\/tkp-ima.szrf.hu\/?page_id=49"},"modified":"2023-04-25T20:37:58","modified_gmt":"2023-04-25T18:37:58","slug":"tagok-ga","status":"publish","type":"page","link":"https:\/\/tkp-ima.szrf.hu\/index.php\/tagok-ga\/","title":{"rendered":"Tagok &#8211; GA"},"content":{"rendered":"\n<div class=\"is-layout-flex wp-container-3 wp-block-columns\">\n<div class=\"is-layout-flow wp-block-column\">\n<figure class=\"wp-block-image size-full is-resized\"><img decoding=\"async\" loading=\"lazy\" src=\"https:\/\/tkp-ima.szrf.hu\/wp-content\/uploads\/2023\/04\/pic_Kavas_Laszlo.jpg\" alt=\"\" class=\"wp-image-52\" width=\"240\" height=\"240\" srcset=\"https:\/\/tkp-ima.szrf.hu\/wp-content\/uploads\/2023\/04\/pic_Kavas_Laszlo.jpg 960w, https:\/\/tkp-ima.szrf.hu\/wp-content\/uploads\/2023\/04\/pic_Kavas_Laszlo-300x300.jpg 300w, https:\/\/tkp-ima.szrf.hu\/wp-content\/uploads\/2023\/04\/pic_Kavas_Laszlo-150x150.jpg 150w, https:\/\/tkp-ima.szrf.hu\/wp-content\/uploads\/2023\/04\/pic_Kavas_Laszlo-768x768.jpg 768w\" sizes=\"(max-width: 240px) 100vw, 240px\" \/><\/figure>\n<\/div>\n\n\n\n<div class=\"is-layout-flow wp-block-column\">\n<p>Dr. Kavas L\u00e1szl\u00f3 ezredes, Rep\u00fcl\u0151 S\u00e1rk\u00e1ny-hajt\u00f3m\u0171 Tansz\u00e9k<\/p>\n<\/div>\n<\/div>\n","protected":false},"excerpt":{"rendered":"<p>Dr. Kavas L\u00e1szl\u00f3 ezredes, Rep\u00fcl\u0151 S\u00e1rk\u00e1ny-hajt\u00f3m\u0171 Tansz\u00e9k<\/p>\n","protected":false},"author":1,"featured_media":0,"parent":0,"menu_order":7,"comment_status":"closed","ping_status":"closed","template":"","meta":[],"_links":{"self":[{"href":"https:\/\/tkp-ima.szrf.hu\/index.php\/wp-json\/wp\/v2\/pages\/49"}],"collection":[{"href":"https:\/\/tkp-ima.szrf.hu\/index.php\/wp-json\/wp\/v2\/pages"}],"about":[{"href":"https:\/\/tkp-ima.szrf.hu\/index.php\/wp-json\/wp\/v2\/types\/page"}],"author":[{"embeddable":true,"href":"https:\/\/tkp-ima.szrf.hu\/index.php\/wp-json\/wp\/v2\/users\/1"}],"replies":[{"embeddable":true,"href":"https:\/\/tkp-ima.szrf.hu\/index.php\/wp-json\/wp\/v2\/comments?post=49"}],"version-history":[{"count":3,"href":"https:\/\/tkp-ima.szrf.hu\/index.php\/wp-json\/wp\/v2\/pages\/49\/revisions"}],"predecessor-version":[{"id":80,"href":"https:\/\/tkp-ima.szrf.hu\/index.php\/wp-json\/wp\/v2\/pages\/49\/revisions\/80"}],"wp:attachment":[{"href":"https:\/\/tkp-ima.szrf.hu\/index.php\/wp-json\/wp\/v2\/media?parent=49"}],"curies":[{"name":"wp","href":"https:\/\/api.w.org\/{rel}","templated":true}]}}