{"id":31,"date":"2023-04-25T19:13:48","date_gmt":"2023-04-25T17:13:48","guid":{"rendered":"https:\/\/tkp-ima.szrf.hu\/?page_id=31"},"modified":"2024-01-17T11:20:38","modified_gmt":"2024-01-17T10:20:38","slug":"resztvevok","status":"publish","type":"page","link":"https:\/\/tkp-ima.szrf.hu\/index.php\/resztvevok\/","title":{"rendered":"Tagok &#8211; SEN"},"content":{"rendered":"\n<ul><\/ul>\n\n\n\n<div class=\"is-layout-flex wp-container-3 wp-block-columns\">\n<div class=\"is-layout-flow wp-block-column\" style=\"flex-basis:33.33%\">\n<figure class=\"wp-block-image size-full is-resized\"><img decoding=\"async\" loading=\"lazy\" src=\"http:\/\/tkp-ima.szrf.hu\/wp-content\/uploads\/2023\/04\/pic_Major_Gabor.jpg\" alt=\"\" class=\"wp-image-35\" width=\"240\" height=\"240\" srcset=\"https:\/\/tkp-ima.szrf.hu\/wp-content\/uploads\/2023\/04\/pic_Major_Gabor.jpg 960w, https:\/\/tkp-ima.szrf.hu\/wp-content\/uploads\/2023\/04\/pic_Major_Gabor-300x300.jpg 300w, https:\/\/tkp-ima.szrf.hu\/wp-content\/uploads\/2023\/04\/pic_Major_Gabor-150x150.jpg 150w, https:\/\/tkp-ima.szrf.hu\/wp-content\/uploads\/2023\/04\/pic_Major_Gabor-768x768.jpg 768w\" sizes=\"(max-width: 240px) 100vw, 240px\" \/><\/figure>\n<\/div>\n\n\n\n<div class=\"is-layout-flow wp-block-column\" style=\"flex-basis:66.66%\">\n<p>Major G\u00e1bor alezredes, NKE HHK Rep\u00fcl\u0151fed\u00e9lzeti Rendszerek Tansz\u00e9k<\/p>\n<\/div>\n<\/div>\n\n\n\n<div class=\"is-layout-flex wp-container-6 wp-block-columns\">\n<div class=\"is-layout-flow wp-block-column\" style=\"flex-basis:33.33%\">\n<figure class=\"wp-block-image size-full is-resized\"><img decoding=\"async\" loading=\"lazy\" src=\"http:\/\/tkp-ima.szrf.hu\/wp-content\/uploads\/2023\/04\/pic_Bekesi_Bertold.jpg\" alt=\"\" class=\"wp-image-34\" width=\"240\" height=\"240\" srcset=\"https:\/\/tkp-ima.szrf.hu\/wp-content\/uploads\/2023\/04\/pic_Bekesi_Bertold.jpg 960w, https:\/\/tkp-ima.szrf.hu\/wp-content\/uploads\/2023\/04\/pic_Bekesi_Bertold-300x300.jpg 300w, https:\/\/tkp-ima.szrf.hu\/wp-content\/uploads\/2023\/04\/pic_Bekesi_Bertold-150x150.jpg 150w, https:\/\/tkp-ima.szrf.hu\/wp-content\/uploads\/2023\/04\/pic_Bekesi_Bertold-768x768.jpg 768w\" sizes=\"(max-width: 240px) 100vw, 240px\" \/><\/figure>\n<\/div>\n\n\n\n<div class=\"is-layout-flow wp-block-column\" style=\"flex-basis:66.66%\">\n<p>Dr. B\u00e9k\u00e9si Bertold alezredes, NKE HHK Rep\u00fcl\u0151fed\u00e9lzeti Rendszerek Tansz\u00e9k<\/p>\n<\/div>\n<\/div>\n","protected":false},"excerpt":{"rendered":"<p>Major G\u00e1bor alezredes, NKE HHK Rep\u00fcl\u0151fed\u00e9lzeti Rendszerek Tansz\u00e9k Dr. B\u00e9k\u00e9si Bertold alezredes, NKE HHK Rep\u00fcl\u0151fed\u00e9lzeti Rendszerek Tansz\u00e9k<\/p>\n","protected":false},"author":1,"featured_media":0,"parent":0,"menu_order":6,"comment_status":"closed","ping_status":"closed","template":"","meta":[],"_links":{"self":[{"href":"https:\/\/tkp-ima.szrf.hu\/index.php\/wp-json\/wp\/v2\/pages\/31"}],"collection":[{"href":"https:\/\/tkp-ima.szrf.hu\/index.php\/wp-json\/wp\/v2\/pages"}],"about":[{"href":"https:\/\/tkp-ima.szrf.hu\/index.php\/wp-json\/wp\/v2\/types\/page"}],"author":[{"embeddable":true,"href":"https:\/\/tkp-ima.szrf.hu\/index.php\/wp-json\/wp\/v2\/users\/1"}],"replies":[{"embeddable":true,"href":"https:\/\/tkp-ima.szrf.hu\/index.php\/wp-json\/wp\/v2\/comments?post=31"}],"version-history":[{"count":15,"href":"https:\/\/tkp-ima.szrf.hu\/index.php\/wp-json\/wp\/v2\/pages\/31\/revisions"}],"predecessor-version":[{"id":334,"href":"https:\/\/tkp-ima.szrf.hu\/index.php\/wp-json\/wp\/v2\/pages\/31\/revisions\/334"}],"wp:attachment":[{"href":"https:\/\/tkp-ima.szrf.hu\/index.php\/wp-json\/wp\/v2\/media?parent=31"}],"curies":[{"name":"wp","href":"https:\/\/api.w.org\/{rel}","templated":true}]}}