{"id":2,"date":"2023-04-24T15:53:04","date_gmt":"2023-04-24T13:53:04","guid":{"rendered":"http:\/\/tkp.szrf.hu\/?page_id=2"},"modified":"2024-01-17T10:42:10","modified_gmt":"2024-01-17T09:42:10","slug":"kezdooldal","status":"publish","type":"page","link":"https:\/\/tkp-ima.szrf.hu\/","title":{"rendered":"Kezd\u0151oldal"},"content":{"rendered":"\n<p><strong>TKP2021-NVA-16 azonos\u00edt\u00f3sz\u00e1m\u00fa \u201eAlkalmazott katonai m\u0171szaki-, had-, \u00e9s t\u00e1rsadalomtudom\u00e1nyi kutat\u00e1sok a nemzetv\u00e9delem, nemzetbiztons\u00e1g ter\u00fclet\u00e9n a Hadtudom\u00e1nyi \u00e9s Honv\u00e9dtisztk\u00e9pz\u0151 Karon\u201d c\u00edm\u0171 projekt<\/strong><\/p>\n\n\n\n<p><strong>Projektadatok<\/strong><\/p>\n\n\n\n<ul>\n<li><strong>A projekt azonos\u00edt\u00f3sz\u00e1ma:<\/strong> TKP2021-NVA-16<\/li>\n\n\n\n<li><strong>A projekt c\u00edme:<\/strong> \u201eAlkalmazott katonai m\u0171szaki-, had-, \u00e9s t\u00e1rsadalomtudom\u00e1nyi kutat\u00e1sok a nemzetv\u00e9delem, nemzetbiztons\u00e1g ter\u00fclet\u00e9n a Hadtudom\u00e1nyi \u00e9s Honv\u00e9dtisztk\u00e9pz\u0151 Karon\u201d<\/li>\n\n\n\n<li><strong>Projektgazda: <\/strong>Nemzeti K\u00f6zszolg\u00e1lati Egyetem<\/li>\n\n\n\n<li><strong>T\u00e1mogat\u00f3:<\/strong> Innov\u00e1ci\u00f3s \u00e9s Technol\u00f3giai Miniszt\u00e9rium<\/li>\n\n\n\n<li><strong>Kezel\u0151szerv:<\/strong> Nemzeti Kutat\u00e1si, Fejleszt\u00e9si \u00e9s Innov\u00e1ci\u00f3s Hivatal<\/li>\n\n\n\n<li><strong>Projekt NKE-t illet\u0151 t\u00e1mogat\u00e1si \u00f6sszege, intenzit\u00e1sa:<\/strong> 1 971 943 800 forint, 100%-os t\u00e1mogat\u00e1s intenzit\u00e1s<\/li>\n\n\n\n<li><strong>Projekt megval\u00f3s\u00edt\u00e1si id\u0151tartama: <\/strong>2022.01.01. \u2013 2024.12.31.<\/li>\n\n\n\n<li><strong>Projekt megval\u00f3s\u00edt\u00e1s\u00e1nak m\u00f3dja:<\/strong> \u00f6n\u00e1ll\u00f3 megval\u00f3s\u00edt\u00e1s<\/li>\n\n\n\n<li><strong>A t\u00e9mater\u00fcleti kutat\u00e1s vezet\u0151j\u00e9nek neve, beoszt\u00e1sa:<\/strong> Dr. F\u00f6ldi L\u00e1szl\u00f3 ezredes, egyetemi tan\u00e1r<\/li>\n\n\n\n<li><strong>A t\u00e9mater\u00fcleti kutat\u00e1s kutat\u00e1si ter\u00fclet szerinti besorol\u00e1sa: <\/strong>Nemzetv\u00e9delem, nemzetbiztons\u00e1g<\/li>\n\n\n\n<li><strong>A t\u00e9mater\u00fcleti kutat\u00e1s tudom\u00e1nyter\u00fcleti besorol\u00e1sa (KSH szerint):<\/strong> Hadtudom\u00e1nyok (5.9.1.) Katonai m\u0171szaki tudom\u00e1nyok (2.11.3)<\/li>\n<\/ul>\n\n\n\n<p><strong>INTEGR\u00c1LT MINTAREP\u00dcL\u0150T\u00c9R, KKT1<\/strong><\/p>\n\n\n\n<p>A h\u00e1rom\u00e9ves kutat\u00e1sban k\u00f6zel 70 f\u0151 vesz r\u00e9szt. A kutat\u00f3k t\u00f6bb mint 650 Milli\u00f3 Ft-os t\u00e1mogat\u00e1sb\u00f3l t\u00f6bb, nagy\u00e9rt\u00e9k\u0171 kutat\u00e1si infrastrukt\u00far\u00e1hoz is hozz\u00e1jutnak. A megc\u00e9lzott eredm\u00e9nyek a nemzetk\u00f6zi, min\u0151s\u00e9gi publik\u00e1ci\u00f3kon t\u00fal tervezetten k\u00e9szterm\u00e9kk\u00e9nt, szabadalmakk\u00e9nt esetlegesen start up c\u00e9g alap\u00edt\u00e1s\u00e1ban is megjelenhetnek. A kiemelt kutat\u00e1si ter\u00fclet \u00e1tfog\u00f3 c\u00e9lkit\u0171z\u00e9se egy komplex rep\u00fcl\u0151t\u00e9r- \u00e9s l\u00e9gij\u00e1rm\u0171 \u00fczemeltet\u00e9si rendszer modellj\u00e9nek kialak\u00edt\u00e1sa, mely h\u00e1rom kutat\u00f3csoport c\u00e9lt integr\u00e1l.<\/p>\n\n\n\n<p>A KKT1 vezet\u0151je: Dr. Palik M\u00e1ty\u00e1s ezredes<\/p>\n\n\n\n<p>A <strong><em>Drone Sensors <\/em><\/strong>kutat\u00f3 csoportt\u00f6bbfunkci\u00f3s, a rep\u00fcl\u0151t\u00e9r \u00fczemeltet\u00e9s\u00e9ben alkalmazhat\u00f3 munkadr\u00f3n protot\u00edpus l\u00e9trehoz\u00e1s\u00e1t v\u00e9gzi. A dr\u00f3n cser\u00e9lhet\u0151 szenzorcsomagokkal, radiol\u00f3gia, aeroszolm\u00e9r\u0151 \u00e9s k\u00e9miai felder\u00edt\u00e9st v\u00e9gezhet a rep\u00fcl\u0151t\u00e9ren \u00e9s annak k\u00f6rzet\u00e9ben. Alkalmas katasztr\u00f3fav\u00e9delmi felhaszn\u00e1l\u00e1sra, vegyi, atomer\u0151m\u0171 balesetek hat\u00e1sainak, k\u00f6vetkezm\u00e9nyeinek felder\u00edt\u00e9s\u00e9re, illetve l\u00e1that\u00f3 \u00e9s thermal IR tartom\u00e1ny\u00fa objektum ellen\u0151rz\u00e9s \u00e9s ter\u00fclet megfigyel\u00e9s v\u00e9grehajt\u00e1s\u00e1ra. A kutat\u00f3 csoport vezet\u0151je Dr. Szilv\u00e1ssy L\u00e1szl\u00f3, egyetemi docens.<\/p>\n\n\n\n<p>A <strong><em>Green Airport<\/em><\/strong> kutat\u00f3 csoport a mintarep\u00fcl\u0151t\u00e9r \u00e9s az azon \u00fczemel\u0151 l\u00e9gij\u00e1rm\u0171vek k\u00f6rnyezetk\u00edm\u00e9l\u0151, gazdas\u00e1gos \u00e9s fenntarthat\u00f3 \u00fczemeltet\u00e9s\u00e9re dolgoz ki aj\u00e1nl\u00e1sokat. Ezen k\u00edv\u00fcl vizsg\u00e1lja a rep\u00fcl\u0151terek fenntarthat\u00f3 energia ell\u00e1t\u00e1si m\u00f3dszereit, a rep\u00fcl\u0151terek kialak\u00edt\u00e1s\u00e1val \u00e9s \u00fczem\u00e9vel \u00f6sszef\u00fcgg\u0151 k\u00f6rnyezeti hat\u00e1sokat. A kutat\u00f3 csoportot vezet\u0151je Dr. Kavas L\u00e1szl\u00f3, egyetemi docens.<\/p>\n\n\n\n<p>A <strong><em>Virtual Airport <\/em><\/strong>kutat\u00f3 csoportaz integr\u00e1lt rep\u00fcl\u0151t\u00e9ren t\u00f6rt\u00e9n\u0151 biztons\u00e1gos \u00e9s optim\u00e1lis l\u00e9giforgalom szervez\u00e9st \u00e9s \u00fczemel\u00e9st biztos\u00edt\u00f3 d\u00f6nt\u00e9st\u00e1mogat\u00f3 megold\u00e1sok \u00e9s elj\u00e1r\u00e1sok kidolgoz\u00e1s\u00e1t \u00e9s tesztel\u00e9s\u00e9t v\u00e9gzi. Ezen k\u00edv\u00fcl VR, AR \u00e9s 3D szimul\u00e1ci\u00f3s eszk\u00f6z\u00f6kkel kieg\u00e9sz\u00edtett tesztk\u00f6rnyezet kialak\u00edt\u00e1s\u00e1ra tesz javaslatokat. A kutat\u00f3 csoport vezet\u0151je Dr. Vas T\u00edmea, egyetemi docens.<\/p>\n","protected":false},"excerpt":{"rendered":"<p>TKP2021-NVA-16 azonos\u00edt\u00f3sz\u00e1m\u00fa \u201eAlkalmazott katonai m\u0171szaki-, had-, \u00e9s t\u00e1rsadalomtudom\u00e1nyi kutat\u00e1sok a nemzetv\u00e9delem, nemzetbiztons\u00e1g ter\u00fclet\u00e9n a Hadtudom\u00e1nyi \u00e9s Honv\u00e9dtisztk\u00e9pz\u0151 Karon\u201d c\u00edm\u0171 projekt Projektadatok INTEGR\u00c1LT [&hellip;]<\/p>\n","protected":false},"author":1,"featured_media":0,"parent":0,"menu_order":1,"comment_status":"closed","ping_status":"closed","template":"","meta":[],"_links":{"self":[{"href":"https:\/\/tkp-ima.szrf.hu\/index.php\/wp-json\/wp\/v2\/pages\/2"}],"collection":[{"href":"https:\/\/tkp-ima.szrf.hu\/index.php\/wp-json\/wp\/v2\/pages"}],"about":[{"href":"https:\/\/tkp-ima.szrf.hu\/index.php\/wp-json\/wp\/v2\/types\/page"}],"author":[{"embeddable":true,"href":"https:\/\/tkp-ima.szrf.hu\/index.php\/wp-json\/wp\/v2\/users\/1"}],"replies":[{"embeddable":true,"href":"https:\/\/tkp-ima.szrf.hu\/index.php\/wp-json\/wp\/v2\/comments?post=2"}],"version-history":[{"count":6,"href":"https:\/\/tkp-ima.szrf.hu\/index.php\/wp-json\/wp\/v2\/pages\/2\/revisions"}],"predecessor-version":[{"id":281,"href":"https:\/\/tkp-ima.szrf.hu\/index.php\/wp-json\/wp\/v2\/pages\/2\/revisions\/281"}],"wp:attachment":[{"href":"https:\/\/tkp-ima.szrf.hu\/index.php\/wp-json\/wp\/v2\/media?parent=2"}],"curies":[{"name":"wp","href":"https:\/\/api.w.org\/{rel}","templated":true}]}}